{"id":426,"date":"2019-11-01T15:05:47","date_gmt":"2019-11-01T15:05:39","guid":{"rendered":"http:\/\/katztheater.info\/?page_id=426"},"modified":"2022-10-17T11:33:52","modified_gmt":"2022-10-17T11:33:52","slug":"trailer-und-fotos-3","status":"publish","type":"page","link":"https:\/\/katztheater.info\/?page_id=426","title":{"rendered":"Fotos und Videos &#8222;Bella Aurelia&#8220;"},"content":{"rendered":"\n<h4 class=\"wp-block-heading\">Der Trailer zum St\u00fcck:<\/h4>\n\n\n\n<figure class=\"wp-block-embed-youtube wp-block-embed is-type-video is-provider-youtube wp-embed-aspect-16-9 wp-has-aspect-ratio\"><div class=\"wp-block-embed__wrapper\">\n<iframe loading=\"lazy\" title=\"Werbung Bella\" width=\"696\" height=\"392\" src=\"https:\/\/www.youtube.com\/embed\/fn0JQlcznM4?feature=oembed\" frameborder=\"0\" allow=\"accelerometer; autoplay; clipboard-write; encrypted-media; gyroscope; picture-in-picture; web-share\" referrerpolicy=\"strict-origin-when-cross-origin\" allowfullscreen><\/iframe>\n<\/div><\/figure>\n\n\n\n<h4 class=\"wp-block-heading\">Werbung f\u00fcr Bella Aurelia Produkte<\/h4>\n\n\n\n<figure class=\"wp-block-embed-youtube wp-block-embed is-type-video is-provider-youtube wp-embed-aspect-16-9 wp-has-aspect-ratio\"><div class=\"wp-block-embed__wrapper\">\n<iframe loading=\"lazy\" title=\"Werbung Schampoo\" width=\"696\" height=\"392\" src=\"https:\/\/www.youtube.com\/embed\/Ud8rbcEFjto?feature=oembed\" frameborder=\"0\" allow=\"accelerometer; autoplay; clipboard-write; encrypted-media; gyroscope; picture-in-picture; web-share\" referrerpolicy=\"strict-origin-when-cross-origin\" allowfullscreen><\/iframe>\n<\/div><\/figure>\n\n\n\n<figure class=\"wp-block-embed-youtube wp-block-embed is-type-video is-provider-youtube wp-embed-aspect-16-9 wp-has-aspect-ratio\"><div class=\"wp-block-embed__wrapper\">\n<iframe loading=\"lazy\" title=\"Werbung Elvira Scha\u0308fchenweich\" width=\"696\" height=\"392\" src=\"https:\/\/www.youtube.com\/embed\/7hYPimU8nJM?feature=oembed\" frameborder=\"0\" allow=\"accelerometer; autoplay; clipboard-write; encrypted-media; gyroscope; picture-in-picture; web-share\" referrerpolicy=\"strict-origin-when-cross-origin\" allowfullscreen><\/iframe>\n<\/div><\/figure>\n\n\n\n<figure class=\"wp-block-embed-youtube wp-block-embed is-type-video is-provider-youtube wp-embed-aspect-16-9 wp-has-aspect-ratio\"><div class=\"wp-block-embed__wrapper\">\n<iframe loading=\"lazy\" title=\"Bella Aurelia Deodorant\" width=\"696\" height=\"392\" src=\"https:\/\/www.youtube.com\/embed\/o2SgksCsPhg?feature=oembed\" frameborder=\"0\" allow=\"accelerometer; autoplay; clipboard-write; encrypted-media; gyroscope; picture-in-picture; web-share\" referrerpolicy=\"strict-origin-when-cross-origin\" allowfullscreen><\/iframe>\n<\/div><\/figure>\n\n\n\n<h4 class=\"wp-block-heading\">Im St\u00fcck wirbt auch der ber\u00fchmte Regisseur Bruno Florentin um die Gunst von Aurelie. Sein Machwerk stellen wir hier vor. Leider konnten sich die Werke von Bruno nicht in der breiten \u00d6ffentlichkeit durchsetzen und wir haben den Verdacht, dass er in Wirklichkeit vielleicht nicht ganz so ber\u00fchmt ist, wie er es vorgibt zu sein&#8230;<\/h4>\n\n\n\n<h4 class=\"wp-block-heading\">Interview mit Bruno&#8230;<\/h4>\n\n\n\n<figure class=\"wp-block-embed-youtube wp-block-embed is-type-video is-provider-youtube wp-embed-aspect-16-9 wp-has-aspect-ratio\"><div class=\"wp-block-embed__wrapper\">\n<iframe loading=\"lazy\" title=\"Bella Aurelia - Bruno Florentin\" width=\"696\" height=\"392\" src=\"https:\/\/www.youtube.com\/embed\/SXuuC_k6Z3k?feature=oembed\" frameborder=\"0\" allow=\"accelerometer; autoplay; clipboard-write; encrypted-media; gyroscope; picture-in-picture; web-share\" referrerpolicy=\"strict-origin-when-cross-origin\" allowfullscreen><\/iframe>\n<\/div><\/figure>\n\n\n\n<h4 class=\"wp-block-heading\">Sein ber\u00fchmtester Film, der Vampir der herrschenden Klasse&#8230;<\/h4>\n\n\n\n<figure class=\"wp-block-embed-youtube wp-block-embed is-type-video is-provider-youtube wp-embed-aspect-16-9 wp-has-aspect-ratio\"><div class=\"wp-block-embed__wrapper\">\n<iframe loading=\"lazy\" title=\"Vampir der herrschenden Klasse 2\" width=\"696\" height=\"392\" src=\"https:\/\/www.youtube.com\/embed\/VV1eD2H5QYg?feature=oembed\" frameborder=\"0\" allow=\"accelerometer; autoplay; clipboard-write; encrypted-media; gyroscope; picture-in-picture; web-share\" referrerpolicy=\"strict-origin-when-cross-origin\" allowfullscreen><\/iframe>\n<\/div><\/figure>\n\n\n\n<h4 class=\"wp-block-heading\">Fotos:<\/h4>\n\n\n\n<ul class=\"wp-block-gallery columns-1 is-cropped wp-block-gallery-1 is-layout-flex wp-block-gallery-is-layout-flex\"><li class=\"blocks-gallery-item\"><figure><img loading=\"lazy\" decoding=\"async\" width=\"1024\" height=\"683\" src=\"http:\/\/katztheater.info\/wp-content\/uploads\/2019\/11\/BellaAurelia-0298-1024x683.jpg\" alt=\"\" data-id=\"782\" data-link=\"http:\/\/katztheater.info\/?attachment_id=782\" class=\"wp-image-782\" srcset=\"https:\/\/katztheater.info\/wp-content\/uploads\/2019\/11\/BellaAurelia-0298-1024x683.jpg 1024w, https:\/\/katztheater.info\/wp-content\/uploads\/2019\/11\/BellaAurelia-0298-300x200.jpg 300w, https:\/\/katztheater.info\/wp-content\/uploads\/2019\/11\/BellaAurelia-0298-768x512.jpg 768w\" sizes=\"auto, (max-width: 1024px) 100vw, 1024px\" \/><\/figure><\/li><li class=\"blocks-gallery-item\"><figure><img loading=\"lazy\" decoding=\"async\" width=\"1024\" height=\"683\" src=\"http:\/\/katztheater.info\/wp-content\/uploads\/2019\/11\/BellaAurelia-0299-1024x683.jpg\" alt=\"\" data-id=\"783\" data-link=\"http:\/\/katztheater.info\/?attachment_id=783\" class=\"wp-image-783\" srcset=\"https:\/\/katztheater.info\/wp-content\/uploads\/2019\/11\/BellaAurelia-0299-1024x683.jpg 1024w, https:\/\/katztheater.info\/wp-content\/uploads\/2019\/11\/BellaAurelia-0299-300x200.jpg 300w, https:\/\/katztheater.info\/wp-content\/uploads\/2019\/11\/BellaAurelia-0299-768x512.jpg 768w\" sizes=\"auto, (max-width: 1024px) 100vw, 1024px\" \/><\/figure><\/li><li class=\"blocks-gallery-item\"><figure><img loading=\"lazy\" decoding=\"async\" width=\"1024\" height=\"683\" src=\"http:\/\/katztheater.info\/wp-content\/uploads\/2019\/11\/BellaAurelia-0301-1024x683.jpg\" alt=\"\" data-id=\"785\" data-link=\"http:\/\/katztheater.info\/?attachment_id=785\" class=\"wp-image-785\" srcset=\"https:\/\/katztheater.info\/wp-content\/uploads\/2019\/11\/BellaAurelia-0301-1024x683.jpg 1024w, https:\/\/katztheater.info\/wp-content\/uploads\/2019\/11\/BellaAurelia-0301-300x200.jpg 300w, https:\/\/katztheater.info\/wp-content\/uploads\/2019\/11\/BellaAurelia-0301-768x512.jpg 768w\" sizes=\"auto, (max-width: 1024px) 100vw, 1024px\" \/><\/figure><\/li><li class=\"blocks-gallery-item\"><figure><img loading=\"lazy\" decoding=\"async\" width=\"1024\" height=\"682\" src=\"http:\/\/katztheater.info\/wp-content\/uploads\/2019\/11\/BellaAurelia-0309-3-1024x682.jpg\" alt=\"\" data-id=\"788\" data-link=\"http:\/\/katztheater.info\/?attachment_id=788\" class=\"wp-image-788\" srcset=\"https:\/\/katztheater.info\/wp-content\/uploads\/2019\/11\/BellaAurelia-0309-3-1024x682.jpg 1024w, https:\/\/katztheater.info\/wp-content\/uploads\/2019\/11\/BellaAurelia-0309-3-300x200.jpg 300w, https:\/\/katztheater.info\/wp-content\/uploads\/2019\/11\/BellaAurelia-0309-3-768x512.jpg 768w, https:\/\/katztheater.info\/wp-content\/uploads\/2019\/11\/BellaAurelia-0309-3.jpg 1946w\" sizes=\"auto, (max-width: 1024px) 100vw, 1024px\" \/><\/figure><\/li><li class=\"blocks-gallery-item\"><figure><img loading=\"lazy\" decoding=\"async\" width=\"1024\" height=\"1024\" src=\"http:\/\/katztheater.info\/wp-content\/uploads\/2019\/11\/BellaAurelia-0309-1024x1024.jpg\" alt=\"\" data-id=\"789\" data-link=\"http:\/\/katztheater.info\/?attachment_id=789\" class=\"wp-image-789\" srcset=\"https:\/\/katztheater.info\/wp-content\/uploads\/2019\/11\/BellaAurelia-0309-1024x1024.jpg 1024w, https:\/\/katztheater.info\/wp-content\/uploads\/2019\/11\/BellaAurelia-0309-150x150.jpg 150w, https:\/\/katztheater.info\/wp-content\/uploads\/2019\/11\/BellaAurelia-0309-300x300.jpg 300w, https:\/\/katztheater.info\/wp-content\/uploads\/2019\/11\/BellaAurelia-0309-768x768.jpg 768w, https:\/\/katztheater.info\/wp-content\/uploads\/2019\/11\/BellaAurelia-0309-280x280.jpg 280w, https:\/\/katztheater.info\/wp-content\/uploads\/2019\/11\/BellaAurelia-0309-100x100.jpg 100w, https:\/\/katztheater.info\/wp-content\/uploads\/2019\/11\/BellaAurelia-0309-200x200.jpg 200w\" sizes=\"auto, (max-width: 1024px) 100vw, 1024px\" \/><\/figure><\/li><li class=\"blocks-gallery-item\"><figure><img loading=\"lazy\" decoding=\"async\" width=\"1024\" height=\"683\" src=\"http:\/\/katztheater.info\/wp-content\/uploads\/2019\/11\/BellaAurelia-0319-1024x683.jpg\" alt=\"\" data-id=\"790\" data-link=\"http:\/\/katztheater.info\/?attachment_id=790\" class=\"wp-image-790\" srcset=\"https:\/\/katztheater.info\/wp-content\/uploads\/2019\/11\/BellaAurelia-0319-1024x683.jpg 1024w, https:\/\/katztheater.info\/wp-content\/uploads\/2019\/11\/BellaAurelia-0319-300x200.jpg 300w, https:\/\/katztheater.info\/wp-content\/uploads\/2019\/11\/BellaAurelia-0319-768x512.jpg 768w\" sizes=\"auto, (max-width: 1024px) 100vw, 1024px\" \/><\/figure><\/li><li class=\"blocks-gallery-item\"><figure><img loading=\"lazy\" decoding=\"async\" width=\"1024\" height=\"683\" src=\"http:\/\/katztheater.info\/wp-content\/uploads\/2019\/11\/BellaAurelia-0320-1024x683.jpg\" alt=\"\" data-id=\"791\" data-link=\"http:\/\/katztheater.info\/?attachment_id=791\" class=\"wp-image-791\" srcset=\"https:\/\/katztheater.info\/wp-content\/uploads\/2019\/11\/BellaAurelia-0320-1024x683.jpg 1024w, https:\/\/katztheater.info\/wp-content\/uploads\/2019\/11\/BellaAurelia-0320-300x200.jpg 300w, https:\/\/katztheater.info\/wp-content\/uploads\/2019\/11\/BellaAurelia-0320-768x512.jpg 768w\" sizes=\"auto, (max-width: 1024px) 100vw, 1024px\" \/><\/figure><\/li><li class=\"blocks-gallery-item\"><figure><img loading=\"lazy\" decoding=\"async\" width=\"1024\" height=\"682\" src=\"http:\/\/katztheater.info\/wp-content\/uploads\/2019\/11\/BellaAurelia-0329-1024x682.jpg\" alt=\"\" data-id=\"792\" data-link=\"http:\/\/katztheater.info\/?attachment_id=792\" class=\"wp-image-792\" srcset=\"https:\/\/katztheater.info\/wp-content\/uploads\/2019\/11\/BellaAurelia-0329-1024x682.jpg 1024w, https:\/\/katztheater.info\/wp-content\/uploads\/2019\/11\/BellaAurelia-0329-300x200.jpg 300w, https:\/\/katztheater.info\/wp-content\/uploads\/2019\/11\/BellaAurelia-0329-768x512.jpg 768w, https:\/\/katztheater.info\/wp-content\/uploads\/2019\/11\/BellaAurelia-0329.jpg 2033w\" sizes=\"auto, (max-width: 1024px) 100vw, 1024px\" \/><\/figure><\/li><li class=\"blocks-gallery-item\"><figure><img loading=\"lazy\" decoding=\"async\" width=\"1024\" height=\"683\" src=\"http:\/\/katztheater.info\/wp-content\/uploads\/2019\/11\/BellaAurelia-0330-1024x683.jpg\" alt=\"\" data-id=\"795\" data-link=\"http:\/\/katztheater.info\/?attachment_id=795\" class=\"wp-image-795\" srcset=\"https:\/\/katztheater.info\/wp-content\/uploads\/2019\/11\/BellaAurelia-0330-1024x683.jpg 1024w, https:\/\/katztheater.info\/wp-content\/uploads\/2019\/11\/BellaAurelia-0330-300x200.jpg 300w, https:\/\/katztheater.info\/wp-content\/uploads\/2019\/11\/BellaAurelia-0330-768x512.jpg 768w\" sizes=\"auto, (max-width: 1024px) 100vw, 1024px\" \/><\/figure><\/li><li class=\"blocks-gallery-item\"><figure><img loading=\"lazy\" decoding=\"async\" width=\"1024\" height=\"1024\" src=\"http:\/\/katztheater.info\/wp-content\/uploads\/2019\/11\/BellaAurelia1x1-0310-1024x1024.jpg\" alt=\"\" data-id=\"799\" data-link=\"http:\/\/katztheater.info\/?attachment_id=799\" class=\"wp-image-799\" srcset=\"https:\/\/katztheater.info\/wp-content\/uploads\/2019\/11\/BellaAurelia1x1-0310-1024x1024.jpg 1024w, https:\/\/katztheater.info\/wp-content\/uploads\/2019\/11\/BellaAurelia1x1-0310-150x150.jpg 150w, https:\/\/katztheater.info\/wp-content\/uploads\/2019\/11\/BellaAurelia1x1-0310-300x300.jpg 300w, https:\/\/katztheater.info\/wp-content\/uploads\/2019\/11\/BellaAurelia1x1-0310-768x768.jpg 768w, https:\/\/katztheater.info\/wp-content\/uploads\/2019\/11\/BellaAurelia1x1-0310-280x280.jpg 280w, https:\/\/katztheater.info\/wp-content\/uploads\/2019\/11\/BellaAurelia1x1-0310-100x100.jpg 100w, https:\/\/katztheater.info\/wp-content\/uploads\/2019\/11\/BellaAurelia1x1-0310-200x200.jpg 200w, https:\/\/katztheater.info\/wp-content\/uploads\/2019\/11\/BellaAurelia1x1-0310.jpg 1552w\" sizes=\"auto, (max-width: 1024px) 100vw, 1024px\" \/><\/figure><\/li><li class=\"blocks-gallery-item\"><figure><img loading=\"lazy\" decoding=\"async\" width=\"1024\" height=\"1024\" src=\"http:\/\/katztheater.info\/wp-content\/uploads\/2019\/11\/BellaAurelia1x1-9504-1024x1024.jpg\" alt=\"\" data-id=\"801\" data-link=\"http:\/\/katztheater.info\/?attachment_id=801\" class=\"wp-image-801\" srcset=\"https:\/\/katztheater.info\/wp-content\/uploads\/2019\/11\/BellaAurelia1x1-9504-1024x1024.jpg 1024w, https:\/\/katztheater.info\/wp-content\/uploads\/2019\/11\/BellaAurelia1x1-9504-150x150.jpg 150w, https:\/\/katztheater.info\/wp-content\/uploads\/2019\/11\/BellaAurelia1x1-9504-300x300.jpg 300w, https:\/\/katztheater.info\/wp-content\/uploads\/2019\/11\/BellaAurelia1x1-9504-768x768.jpg 768w, https:\/\/katztheater.info\/wp-content\/uploads\/2019\/11\/BellaAurelia1x1-9504-280x280.jpg 280w, https:\/\/katztheater.info\/wp-content\/uploads\/2019\/11\/BellaAurelia1x1-9504-100x100.jpg 100w, https:\/\/katztheater.info\/wp-content\/uploads\/2019\/11\/BellaAurelia1x1-9504-200x200.jpg 200w\" sizes=\"auto, (max-width: 1024px) 100vw, 1024px\" \/><\/figure><\/li><li class=\"blocks-gallery-item\"><figure><img loading=\"lazy\" decoding=\"async\" width=\"1024\" height=\"1024\" src=\"http:\/\/katztheater.info\/wp-content\/uploads\/2019\/11\/BellaAurelia1x1-9508-1024x1024.jpg\" alt=\"\" data-id=\"803\" data-link=\"http:\/\/katztheater.info\/?attachment_id=803\" class=\"wp-image-803\" srcset=\"https:\/\/katztheater.info\/wp-content\/uploads\/2019\/11\/BellaAurelia1x1-9508-1024x1024.jpg 1024w, https:\/\/katztheater.info\/wp-content\/uploads\/2019\/11\/BellaAurelia1x1-9508-150x150.jpg 150w, https:\/\/katztheater.info\/wp-content\/uploads\/2019\/11\/BellaAurelia1x1-9508-300x300.jpg 300w, https:\/\/katztheater.info\/wp-content\/uploads\/2019\/11\/BellaAurelia1x1-9508-768x768.jpg 768w, https:\/\/katztheater.info\/wp-content\/uploads\/2019\/11\/BellaAurelia1x1-9508-280x280.jpg 280w, https:\/\/katztheater.info\/wp-content\/uploads\/2019\/11\/BellaAurelia1x1-9508-100x100.jpg 100w, https:\/\/katztheater.info\/wp-content\/uploads\/2019\/11\/BellaAurelia1x1-9508-200x200.jpg 200w\" sizes=\"auto, (max-width: 1024px) 100vw, 1024px\" \/><\/figure><\/li><li class=\"blocks-gallery-item\"><figure><img loading=\"lazy\" decoding=\"async\" width=\"1024\" height=\"1024\" src=\"http:\/\/katztheater.info\/wp-content\/uploads\/2019\/11\/BellaAurelia1x1noe2-0228-1024x1024.jpg\" alt=\"\" data-id=\"805\" data-link=\"http:\/\/katztheater.info\/?attachment_id=805\" class=\"wp-image-805\" srcset=\"https:\/\/katztheater.info\/wp-content\/uploads\/2019\/11\/BellaAurelia1x1noe2-0228-1024x1024.jpg 1024w, https:\/\/katztheater.info\/wp-content\/uploads\/2019\/11\/BellaAurelia1x1noe2-0228-150x150.jpg 150w, https:\/\/katztheater.info\/wp-content\/uploads\/2019\/11\/BellaAurelia1x1noe2-0228-300x300.jpg 300w, https:\/\/katztheater.info\/wp-content\/uploads\/2019\/11\/BellaAurelia1x1noe2-0228-768x768.jpg 768w, https:\/\/katztheater.info\/wp-content\/uploads\/2019\/11\/BellaAurelia1x1noe2-0228-280x280.jpg 280w, https:\/\/katztheater.info\/wp-content\/uploads\/2019\/11\/BellaAurelia1x1noe2-0228-100x100.jpg 100w, https:\/\/katztheater.info\/wp-content\/uploads\/2019\/11\/BellaAurelia1x1noe2-0228-200x200.jpg 200w, https:\/\/katztheater.info\/wp-content\/uploads\/2019\/11\/BellaAurelia1x1noe2-0228.jpg 1202w\" sizes=\"auto, (max-width: 1024px) 100vw, 1024px\" \/><\/figure><\/li><li class=\"blocks-gallery-item\"><figure><img loading=\"lazy\" decoding=\"async\" width=\"1024\" height=\"1024\" src=\"http:\/\/katztheater.info\/wp-content\/uploads\/2019\/11\/2015-09-25-Bella-Aurelia-Katz-Theater-Tufa-Auff\u00fcherung-294-1-1024x1024.jpg\" alt=\"\" data-id=\"807\" data-link=\"http:\/\/katztheater.info\/?attachment_id=807\" class=\"wp-image-807\" srcset=\"https:\/\/katztheater.info\/wp-content\/uploads\/2019\/11\/2015-09-25-Bella-Aurelia-Katz-Theater-Tufa-Auff\u00fcherung-294-1-1024x1024.jpg 1024w, https:\/\/katztheater.info\/wp-content\/uploads\/2019\/11\/2015-09-25-Bella-Aurelia-Katz-Theater-Tufa-Auff\u00fcherung-294-1-150x150.jpg 150w, https:\/\/katztheater.info\/wp-content\/uploads\/2019\/11\/2015-09-25-Bella-Aurelia-Katz-Theater-Tufa-Auff\u00fcherung-294-1-300x300.jpg 300w, https:\/\/katztheater.info\/wp-content\/uploads\/2019\/11\/2015-09-25-Bella-Aurelia-Katz-Theater-Tufa-Auff\u00fcherung-294-1-768x768.jpg 768w, https:\/\/katztheater.info\/wp-content\/uploads\/2019\/11\/2015-09-25-Bella-Aurelia-Katz-Theater-Tufa-Auff\u00fcherung-294-1-280x280.jpg 280w, https:\/\/katztheater.info\/wp-content\/uploads\/2019\/11\/2015-09-25-Bella-Aurelia-Katz-Theater-Tufa-Auff\u00fcherung-294-1-100x100.jpg 100w, https:\/\/katztheater.info\/wp-content\/uploads\/2019\/11\/2015-09-25-Bella-Aurelia-Katz-Theater-Tufa-Auff\u00fcherung-294-1-200x200.jpg 200w\" sizes=\"auto, (max-width: 1024px) 100vw, 1024px\" \/><\/figure><\/li><li class=\"blocks-gallery-item\"><figure><img loading=\"lazy\" decoding=\"async\" width=\"1024\" height=\"683\" src=\"http:\/\/katztheater.info\/wp-content\/uploads\/2019\/11\/2015-09-25-Bella-Aurelia-Katz-Theater-Tufa-Auff\u00fcherung-305-1024x683.jpg\" alt=\"\" data-id=\"815\" data-link=\"http:\/\/katztheater.info\/?attachment_id=815\" class=\"wp-image-815\" srcset=\"https:\/\/katztheater.info\/wp-content\/uploads\/2019\/11\/2015-09-25-Bella-Aurelia-Katz-Theater-Tufa-Auff\u00fcherung-305-1024x683.jpg 1024w, https:\/\/katztheater.info\/wp-content\/uploads\/2019\/11\/2015-09-25-Bella-Aurelia-Katz-Theater-Tufa-Auff\u00fcherung-305-300x200.jpg 300w, https:\/\/katztheater.info\/wp-content\/uploads\/2019\/11\/2015-09-25-Bella-Aurelia-Katz-Theater-Tufa-Auff\u00fcherung-305-768x512.jpg 768w\" sizes=\"auto, (max-width: 1024px) 100vw, 1024px\" \/><\/figure><\/li><li class=\"blocks-gallery-item\"><figure><img loading=\"lazy\" decoding=\"async\" width=\"683\" height=\"1024\" src=\"http:\/\/katztheater.info\/wp-content\/uploads\/2019\/11\/2015-09-25-Bella-Aurelia-Katz-Theater-Tufa-Auff\u00fcherung-292-1-683x1024.jpg\" alt=\"\" data-id=\"822\" data-link=\"http:\/\/katztheater.info\/?attachment_id=822\" class=\"wp-image-822\" srcset=\"https:\/\/katztheater.info\/wp-content\/uploads\/2019\/11\/2015-09-25-Bella-Aurelia-Katz-Theater-Tufa-Auff\u00fcherung-292-1-683x1024.jpg 683w, https:\/\/katztheater.info\/wp-content\/uploads\/2019\/11\/2015-09-25-Bella-Aurelia-Katz-Theater-Tufa-Auff\u00fcherung-292-1-200x300.jpg 200w, https:\/\/katztheater.info\/wp-content\/uploads\/2019\/11\/2015-09-25-Bella-Aurelia-Katz-Theater-Tufa-Auff\u00fcherung-292-1-768x1152.jpg 768w, https:\/\/katztheater.info\/wp-content\/uploads\/2019\/11\/2015-09-25-Bella-Aurelia-Katz-Theater-Tufa-Auff\u00fcherung-292-1-133x200.jpg 133w\" sizes=\"auto, (max-width: 683px) 100vw, 683px\" \/><\/figure><\/li><li class=\"blocks-gallery-item\"><figure><img loading=\"lazy\" decoding=\"async\" width=\"1024\" height=\"683\" src=\"http:\/\/katztheater.info\/wp-content\/uploads\/2019\/11\/2015-09-25-Bella-Aurelia-Katz-Theater-Tufa-Auff\u00fcherung-261-3-1024x683.jpg\" alt=\"\" data-id=\"825\" data-link=\"http:\/\/katztheater.info\/?attachment_id=825\" class=\"wp-image-825\" srcset=\"https:\/\/katztheater.info\/wp-content\/uploads\/2019\/11\/2015-09-25-Bella-Aurelia-Katz-Theater-Tufa-Auff\u00fcherung-261-3-1024x683.jpg 1024w, https:\/\/katztheater.info\/wp-content\/uploads\/2019\/11\/2015-09-25-Bella-Aurelia-Katz-Theater-Tufa-Auff\u00fcherung-261-3-300x200.jpg 300w, https:\/\/katztheater.info\/wp-content\/uploads\/2019\/11\/2015-09-25-Bella-Aurelia-Katz-Theater-Tufa-Auff\u00fcherung-261-3-768x512.jpg 768w\" sizes=\"auto, (max-width: 1024px) 100vw, 1024px\" \/><\/figure><\/li><li class=\"blocks-gallery-item\"><figure><img loading=\"lazy\" decoding=\"async\" width=\"871\" height=\"1024\" src=\"http:\/\/katztheater.info\/wp-content\/uploads\/2019\/11\/2015-09-25-Bella-Aurelia-Katz-Theater-Tufa-Auff\u00fcherung-171-3-871x1024.jpg\" alt=\"\" data-id=\"830\" data-link=\"http:\/\/katztheater.info\/?attachment_id=830\" class=\"wp-image-830\" srcset=\"https:\/\/katztheater.info\/wp-content\/uploads\/2019\/11\/2015-09-25-Bella-Aurelia-Katz-Theater-Tufa-Auff\u00fcherung-171-3-871x1024.jpg 871w, https:\/\/katztheater.info\/wp-content\/uploads\/2019\/11\/2015-09-25-Bella-Aurelia-Katz-Theater-Tufa-Auff\u00fcherung-171-3-255x300.jpg 255w, https:\/\/katztheater.info\/wp-content\/uploads\/2019\/11\/2015-09-25-Bella-Aurelia-Katz-Theater-Tufa-Auff\u00fcherung-171-3-768x903.jpg 768w, https:\/\/katztheater.info\/wp-content\/uploads\/2019\/11\/2015-09-25-Bella-Aurelia-Katz-Theater-Tufa-Auff\u00fcherung-171-3-170x200.jpg 170w\" sizes=\"auto, (max-width: 871px) 100vw, 871px\" \/><\/figure><\/li><\/ul>\n","protected":false},"excerpt":{"rendered":"<p>Der Trailer zum St\u00fcck: Werbung f\u00fcr Bella Aurelia Produkte Im St\u00fcck wirbt auch der ber\u00fchmte Regisseur Bruno Florentin um die Gunst von Aurelie. Sein Machwerk stellen wir hier vor. Leider<\/p><\/div>\n<div class=\"blog-btn\"><a href=\"https:\/\/katztheater.info\/?page_id=426\" class=\"home-blog-btn\">Weiterlesen<\/a><\/p>\n","protected":false},"author":1,"featured_media":828,"parent":301,"menu_order":0,"comment_status":"closed","ping_status":"closed","template":"","meta":{"om_disable_all_campaigns":false,"_monsterinsights_skip_tracking":false,"_monsterinsights_sitenote_active":false,"_monsterinsights_sitenote_note":"","_monsterinsights_sitenote_category":0,"footnotes":""},"class_list":["post-426","page","type-page","status-publish","has-post-thumbnail","hentry"],"aioseo_notices":[],"jetpack_sharing_enabled":true,"_links":{"self":[{"href":"https:\/\/katztheater.info\/index.php?rest_route=\/wp\/v2\/pages\/426","targetHints":{"allow":["GET"]}}],"collection":[{"href":"https:\/\/katztheater.info\/index.php?rest_route=\/wp\/v2\/pages"}],"about":[{"href":"https:\/\/katztheater.info\/index.php?rest_route=\/wp\/v2\/types\/page"}],"author":[{"embeddable":true,"href":"https:\/\/katztheater.info\/index.php?rest_route=\/wp\/v2\/users\/1"}],"replies":[{"embeddable":true,"href":"https:\/\/katztheater.info\/index.php?rest_route=%2Fwp%2Fv2%2Fcomments&post=426"}],"version-history":[{"count":10,"href":"https:\/\/katztheater.info\/index.php?rest_route=\/wp\/v2\/pages\/426\/revisions"}],"predecessor-version":[{"id":1055,"href":"https:\/\/katztheater.info\/index.php?rest_route=\/wp\/v2\/pages\/426\/revisions\/1055"}],"up":[{"embeddable":true,"href":"https:\/\/katztheater.info\/index.php?rest_route=\/wp\/v2\/posts\/301"}],"wp:featuredmedia":[{"embeddable":true,"href":"https:\/\/katztheater.info\/index.php?rest_route=\/wp\/v2\/media\/828"}],"wp:attachment":[{"href":"https:\/\/katztheater.info\/index.php?rest_route=%2Fwp%2Fv2%2Fmedia&parent=426"}],"curies":[{"name":"wp","href":"https:\/\/api.w.org\/{rel}","templated":true}]}}