{"id":2156,"date":"2024-05-28T16:32:12","date_gmt":"2024-05-28T16:32:12","guid":{"rendered":"https:\/\/katztheater.info\/?page_id=2156"},"modified":"2024-05-28T16:32:15","modified_gmt":"2024-05-28T16:32:15","slug":"das-ensemble-2","status":"publish","type":"page","link":"https:\/\/katztheater.info\/?page_id=2156","title":{"rendered":"Das Ensemble"},"content":{"rendered":"\n<h3 class=\"wp-block-heading\">Unser Vorstand:<\/h3>\n\n\n\n<p>erste Vorsitzende: <a href=\"https:\/\/katztheater.info\/?p=2126\" target=\"_blank\" rel=\"noopener\" title=\"\">Katharina Caspar<\/a><\/p>\n\n\n\n<p>stellvertretende Vorsitzende: <a href=\"https:\/\/katztheater.info\/?p=2091\" target=\"_blank\" rel=\"noopener\" title=\"\">Anna Sch\u00f6nw\u00e4lder-Knauf<\/a><\/p>\n\n\n\n<p>Kassenwart: <a href=\"https:\/\/katztheater.info\/?p=2087\" target=\"_blank\" rel=\"noopener\" title=\"\">Andreas Scherf<\/a><\/p>\n\n\n\n<p>\u00d6ffentlichkeitsarbeit: <a href=\"https:\/\/katztheater.info\/?p=2141\" target=\"_blank\" rel=\"noopener\" title=\"\">Tanja Finnemann<\/a><\/p>\n\n\n\n<p>Schriftf\u00fchrerin: <a href=\"https:\/\/katztheater.info\/?p=2107\" target=\"_blank\" rel=\"noopener\" title=\"\">Claudia Willems<\/a><\/p>\n\n\n\n<div class=\"wp-block-jetpack-slideshow aligncenter is-style-rectangular\" data-effect=\"slide\"><div class=\"wp-block-jetpack-slideshow_container swiper-container\"><ul class=\"wp-block-jetpack-slideshow_swiper-wrapper swiper-wrapper\"><li class=\"wp-block-jetpack-slideshow_slide swiper-slide\"><figure><img loading=\"lazy\" decoding=\"async\" width=\"1024\" height=\"684\" alt=\"\" class=\"wp-block-jetpack-slideshow_image wp-image-2047\" data-id=\"2047\" src=\"https:\/\/katztheater.info\/wp-content\/uploads\/2024\/05\/IMG_4233-1024x684.jpg\" srcset=\"https:\/\/katztheater.info\/wp-content\/uploads\/2024\/05\/IMG_4233-1024x684.jpg 1024w, https:\/\/katztheater.info\/wp-content\/uploads\/2024\/05\/IMG_4233-300x200.jpg 300w, https:\/\/katztheater.info\/wp-content\/uploads\/2024\/05\/IMG_4233-768x513.jpg 768w, https:\/\/katztheater.info\/wp-content\/uploads\/2024\/05\/IMG_4233.jpg 1444w\" sizes=\"(max-width: 1024px) 100vw, 1024px\" \/><\/figure><\/li><li class=\"wp-block-jetpack-slideshow_slide swiper-slide\"><figure><img loading=\"lazy\" decoding=\"async\" width=\"1024\" height=\"697\" alt=\"\" class=\"wp-block-jetpack-slideshow_image wp-image-2035\" data-id=\"2035\" src=\"https:\/\/katztheater.info\/wp-content\/uploads\/2024\/05\/IMG_9111-1024x697.jpg\" srcset=\"https:\/\/katztheater.info\/wp-content\/uploads\/2024\/05\/IMG_9111-1024x697.jpg 1024w, https:\/\/katztheater.info\/wp-content\/uploads\/2024\/05\/IMG_9111-300x204.jpg 300w, https:\/\/katztheater.info\/wp-content\/uploads\/2024\/05\/IMG_9111-768x522.jpg 768w, https:\/\/katztheater.info\/wp-content\/uploads\/2024\/05\/IMG_9111.jpg 1417w\" sizes=\"(max-width: 1024px) 100vw, 1024px\" \/><\/figure><\/li><li class=\"wp-block-jetpack-slideshow_slide swiper-slide\"><figure><img loading=\"lazy\" decoding=\"async\" width=\"759\" height=\"517\" alt=\"\" class=\"wp-block-jetpack-slideshow_image wp-image-1996\" data-id=\"1996\" src=\"https:\/\/katztheater.info\/wp-content\/uploads\/2024\/05\/6344EE59-FC34-4EA4-9986-12C9B263FA7D.jpg\" srcset=\"https:\/\/katztheater.info\/wp-content\/uploads\/2024\/05\/6344EE59-FC34-4EA4-9986-12C9B263FA7D.jpg 759w, https:\/\/katztheater.info\/wp-content\/uploads\/2024\/05\/6344EE59-FC34-4EA4-9986-12C9B263FA7D-300x204.jpg 300w\" sizes=\"(max-width: 759px) 100vw, 759px\" \/><\/figure><\/li><li class=\"wp-block-jetpack-slideshow_slide swiper-slide\"><figure><img loading=\"lazy\" decoding=\"async\" width=\"545\" height=\"651\" alt=\"\" class=\"wp-block-jetpack-slideshow_image wp-image-1992\" data-id=\"1992\" src=\"https:\/\/katztheater.info\/wp-content\/uploads\/2024\/05\/IMG_7553.jpg\" srcset=\"https:\/\/katztheater.info\/wp-content\/uploads\/2024\/05\/IMG_7553.jpg 545w, https:\/\/katztheater.info\/wp-content\/uploads\/2024\/05\/IMG_7553-251x300.jpg 251w\" sizes=\"(max-width: 545px) 100vw, 545px\" \/><\/figure><\/li><li class=\"wp-block-jetpack-slideshow_slide swiper-slide\"><figure><img loading=\"lazy\" decoding=\"async\" width=\"683\" height=\"1024\" alt=\"\" class=\"wp-block-jetpack-slideshow_image wp-image-1146\" data-id=\"1146\" src=\"https:\/\/katztheater.info\/wp-content\/uploads\/2019\/12\/LX8A2302-683x1024.jpg\" srcset=\"https:\/\/katztheater.info\/wp-content\/uploads\/2019\/12\/LX8A2302-683x1024.jpg 683w, https:\/\/katztheater.info\/wp-content\/uploads\/2019\/12\/LX8A2302-200x300.jpg 200w, https:\/\/katztheater.info\/wp-content\/uploads\/2019\/12\/LX8A2302-768x1152.jpg 768w, https:\/\/katztheater.info\/wp-content\/uploads\/2019\/12\/LX8A2302-1024x1536.jpg 1024w, https:\/\/katztheater.info\/wp-content\/uploads\/2019\/12\/LX8A2302-1365x2048.jpg 1365w, https:\/\/katztheater.info\/wp-content\/uploads\/2019\/12\/LX8A2302-133x200.jpg 133w, https:\/\/katztheater.info\/wp-content\/uploads\/2019\/12\/LX8A2302-scaled.jpg 1707w\" sizes=\"(max-width: 683px) 100vw, 683px\" \/><\/figure><\/li><\/ul><a class=\"wp-block-jetpack-slideshow_button-prev swiper-button-prev swiper-button-white\" role=\"button\"><\/a><a class=\"wp-block-jetpack-slideshow_button-next swiper-button-next swiper-button-white\" role=\"button\"><\/a><a aria-label=\"Pause Slideshow\" class=\"wp-block-jetpack-slideshow_button-pause\" role=\"button\"><\/a><div class=\"wp-block-jetpack-slideshow_pagination swiper-pagination swiper-pagination-white\"><\/div><\/div><\/div>\n\n\n\n<h3 class=\"wp-block-heading\">die aktiven Mitglieder:<\/h3>\n\n\n\n<ul class=\"wp-block-list\">\n<li><a href=\"https:\/\/katztheater.info\/?page_id=2087\" target=\"_blank\" rel=\"noopener\" title=\"\">Andreas Scherf<\/a><\/li>\n\n\n\n<li><a href=\"https:\/\/katztheater.info\/?page_id=2091\" target=\"_blank\" rel=\"noopener\" title=\"\">Anna Sch\u00f6nw\u00e4lder-Knauf<\/a><\/li>\n\n\n\n<li><a href=\"https:\/\/katztheater.info\/?page_id=2094\" target=\"_blank\" rel=\"noopener\" title=\"\">Anne Weiler<\/a><\/li>\n\n\n\n<li><a href=\"https:\/\/katztheater.info\/?page_id=2097\" target=\"_blank\" rel=\"noopener\" title=\"\">Chantal Dreim\u00fcller<\/a><\/li>\n\n\n\n<li><a href=\"https:\/\/katztheater.info\/?page_id=2107\" target=\"_blank\" rel=\"noopener\" title=\"\">Claudia Willems<\/a><\/li>\n\n\n\n<li><a href=\"https:\/\/katztheater.info\/?p=2111\" target=\"_blank\" rel=\"noopener\" title=\"\">Corinna Eilers<\/a><\/li>\n\n\n\n<li><a href=\"https:\/\/katztheater.info\/?p=2114\" target=\"_blank\" rel=\"noopener\" title=\"\">Dirk Eberhard<\/a><\/li>\n\n\n\n<li><a href=\"https:\/\/katztheater.info\/?p=2119\" target=\"_blank\" rel=\"noopener\" title=\"\">Fabian Schwarz<\/a><\/li>\n\n\n\n<li><a href=\"https:\/\/katztheater.info\/?p=2122\" target=\"_blank\" rel=\"noopener\" title=\"\">Joshua Greif<\/a><\/li>\n\n\n\n<li><a href=\"https:\/\/katztheater.info\/?p=2124\" target=\"_blank\" rel=\"noopener\" title=\"\">Julia Genter<\/a><\/li>\n\n\n\n<li><a href=\"https:\/\/katztheater.info\/?p=2126\" target=\"_blank\" rel=\"noopener\" title=\"\">Katharina Caspar<\/a><\/li>\n\n\n\n<li><a href=\"https:\/\/katztheater.info\/?p=2130\" target=\"_blank\" rel=\"noopener\" title=\"\">Lukas B\u00f6hm<\/a><\/li>\n\n\n\n<li><a href=\"https:\/\/katztheater.info\/?p=2132\" target=\"_blank\" rel=\"noopener\" title=\"\">Miriam Gesthuisen<\/a><\/li>\n\n\n\n<li><a href=\"https:\/\/katztheater.info\/?p=2134\" target=\"_blank\" rel=\"noopener\" title=\"\">Nils Scholzen<\/a><\/li>\n\n\n\n<li><a href=\"https:\/\/katztheater.info\/?p=2137\" target=\"_blank\" rel=\"noopener\" title=\"\">Sebastian Knauf<\/a><\/li>\n\n\n\n<li><a href=\"https:\/\/katztheater.info\/?p=2141\" target=\"_blank\" rel=\"noopener\" title=\"\">Tanja Finnemann<\/a><\/li>\n\n\n\n<li><a href=\"https:\/\/katztheater.info\/?p=2144\" target=\"_blank\" rel=\"noopener\" title=\"\">Tanja Wolf<\/a><\/li>\n\n\n\n<li><a href=\"https:\/\/katztheater.info\/?p=2147\" target=\"_blank\" rel=\"noopener\" title=\"\">Thomas Edelmann<\/a><\/li>\n<\/ul>\n","protected":false},"excerpt":{"rendered":"<p>Unser Vorstand: erste Vorsitzende: Katharina Caspar stellvertretende Vorsitzende: Anna Sch\u00f6nw\u00e4lder-Knauf Kassenwart: Andreas Scherf \u00d6ffentlichkeitsarbeit: Tanja Finnemann Schriftf\u00fchrerin: Claudia Willems die aktiven Mitglieder:<\/p>\n","protected":false},"author":1,"featured_media":0,"parent":0,"menu_order":0,"comment_status":"closed","ping_status":"closed","template":"","meta":{"om_disable_all_campaigns":false,"_monsterinsights_skip_tracking":false,"_monsterinsights_sitenote_active":false,"_monsterinsights_sitenote_note":"","_monsterinsights_sitenote_category":0,"footnotes":""},"class_list":["post-2156","page","type-page","status-publish","hentry"],"aioseo_notices":[],"jetpack_sharing_enabled":true,"_links":{"self":[{"href":"https:\/\/katztheater.info\/index.php?rest_route=\/wp\/v2\/pages\/2156","targetHints":{"allow":["GET"]}}],"collection":[{"href":"https:\/\/katztheater.info\/index.php?rest_route=\/wp\/v2\/pages"}],"about":[{"href":"https:\/\/katztheater.info\/index.php?rest_route=\/wp\/v2\/types\/page"}],"author":[{"embeddable":true,"href":"https:\/\/katztheater.info\/index.php?rest_route=\/wp\/v2\/users\/1"}],"replies":[{"embeddable":true,"href":"https:\/\/katztheater.info\/index.php?rest_route=%2Fwp%2Fv2%2Fcomments&post=2156"}],"version-history":[{"count":1,"href":"https:\/\/katztheater.info\/index.php?rest_route=\/wp\/v2\/pages\/2156\/revisions"}],"predecessor-version":[{"id":2157,"href":"https:\/\/katztheater.info\/index.php?rest_route=\/wp\/v2\/pages\/2156\/revisions\/2157"}],"wp:attachment":[{"href":"https:\/\/katztheater.info\/index.php?rest_route=%2Fwp%2Fv2%2Fmedia&parent=2156"}],"curies":[{"name":"wp","href":"https:\/\/api.w.org\/{rel}","templated":true}]}}